{"id":511,"date":"2025-01-27T18:13:53","date_gmt":"2025-01-27T17:13:53","guid":{"rendered":"http:\/\/dartsmatek.devground.me\/?page_id=511"},"modified":"2025-09-24T18:43:20","modified_gmt":"2025-09-24T16:43:20","slug":"privacy-policy-app","status":"publish","type":"page","link":"https:\/\/dartsmatek.hu\/en\/privacy-policy-app\/","title":{"rendered":"Privacy Policy for Darts Maths Applications"},"content":{"rendered":"<h2>Privacy Policy for the mobile games:<\/h2>\n<p>The Darts Maths mobile game applications, accessible from the Google Play Store and Apple\u2019s App Store, running on Android and iOS platforms, do not collect or store any personally identifiable information about its users, directly by the applications or by third parties. No such information is collected or stored on the user\u2019s device or on remote servers.<\/p>\n<h2>Web applicaton policy:<\/h2>\n<p>Darts Maths Ltd., as the operator of the website data controller\/data processor<\/p>\n<h2>The Controller<\/h2>\n<p>The data controller is Darts Maths Ltd. (seat: 8000 Sz\u00e9kesfeh\u00e9rv\u00e1r, Proh\u00e1szka Ottok\u00e1r street 6. 1.floor.1.; registration number: 07-09-029058; statistical number sign: 26359359-5829-113-07; tax number: 26359359-2-07; e-mail:<a href=\"mailto:info@dartsmatek.hu\"> info@dartsmatek.hu<\/a> (hereinafter: \u201eController\u201d)<\/p>\n<h2>Processed data:<\/h2>\n<h3>1. User details:<\/h3>\n<p>Data required for registration (create a profil):<\/p>\n<ul>\n<li>ID<\/li>\n<li>Name<\/li>\n<li>E-mail<\/li>\n<\/ul>\n<h4>Objective of data processing<\/h4>\n<h4>Operation of the Darts Maths (Service):<\/h4>\n<ol>\n<li>Identification the User, different between Users, contact with the User, prevention of the personal data<\/li>\n<li>Service customization, convenience features<\/li>\n<li>Statistics, analyzes due to the development of the service<\/li>\n<li>Costumer servise administration<\/li>\n<li>System message about the service<\/li>\n<\/ol>\n<h3>2. Community account information:<\/h3>\n<ul>\n<li>Google Account<\/li>\n<li>Google Account information, statistics available to us. Read more in the Google policy.<\/li>\n<li>Objective of data processing<\/li>\n<li>You need a Google account to register a Darts Maths account.<\/li>\n<\/ul>\n<h3>\u00a03. Adversiting and marketing process:<\/h3>\n<ul>\n<li>ID<\/li>\n<li>Name<\/li>\n<li>E-mail adress<\/li>\n<\/ul>\n<p>Objective of data processing<\/p>\n<p>Direct business acquisition and marketing inquiries with advertising content (newsletter, eDM, etc.)<\/p>\n<h2>Duration of data processing:<\/h2>\n<p>Data processing lasts until you unregister (delete profile) or delete a social account (Google).<\/p>\n<h2>Modify and delete data<\/h2>\n<p>Users may protest against the processing of their personal data, and request the correction or deletion of their personal data at the mailing address of Controller, or by sending an email to info@dartmatek.hu.<\/p>\n<p>Data deletion or correction requested by email will be carried out at latest within 5 business days of the receipt of such request.<\/p>\n<h2>Security of data<\/h2>\n<p>We take all technical and organizational measures to ensure that the data given by users is secure throughout the process.<\/p>\n<h2>The scope of those that have access to the data<\/h2>\n<p>In order to perform our contract with you, your personal information will be accessible from and will be processed by our employees and on our servers, Supplemented by the google terms of service.<\/p>\n<h2>Reservation of rights<\/h2>\n<p>Controller reserves the right to amend the privacy policy. It may be amended in particular if the scope of services are expanded or the law requires so. However, such amendment shall not result in processing the personal data for a purpose other than set out herein. The Controller will publish the relating notification at the website fifteen days in advance.<\/p>\n<h2>Do You have a question?<\/h2>\n<p>Questions, comments and requests regarding this policy are welcomed and should be addressed to <a href=\"mailto:info@dartsmatek.hu\">info@dartsmatek.hu<\/a>.<\/p>\n<p>This privacy policy will be effective as from 8 April 2020.<\/p>\n<p><strong>Darts Matek Kft.<\/strong><br \/>\ndata controller\/data processor<\/p>\n","protected":false},"excerpt":{"rendered":"<p>Privacy Policy for the mobile games: The Darts Maths mobile game applications, accessible from the Google Play Store and Apple\u2019s App Store, running on Android and iOS platforms, do not [&hellip;]<\/p>\n","protected":false},"author":1,"featured_media":0,"parent":0,"menu_order":0,"comment_status":"closed","ping_status":"open","template":"","meta":{"_acf_changed":false,"footnotes":""},"class_list":["post-511","page","type-page","status-publish","hentry"],"acf":[],"yoast_head":"<title>Privacy Policy for Darts Maths Applications - Darts Matek<\/title>\n<meta name=\"robots\" content=\"index, follow, max-snippet:-1, max-image-preview:large, max-video-preview:-1\" \/>\n<link rel=\"canonical\" href=\"https:\/\/dartsmatek.hu\/en\/privacy-policy-app\/\" \/>\n<meta property=\"og:locale\" content=\"en_US\" \/>\n<meta property=\"og:type\" content=\"article\" \/>\n<meta property=\"og:title\" content=\"Privacy Policy for Darts Maths Applications - Darts Matek\" \/>\n<meta property=\"og:description\" content=\"Privacy Policy for the mobile games: The Darts Maths mobile game applications, accessible from the Google Play Store and Apple\u2019s App Store, running on Android and iOS platforms, do not [&hellip;]\" \/>\n<meta property=\"og:url\" content=\"https:\/\/dartsmatek.hu\/en\/privacy-policy-app\/\" \/>\n<meta property=\"og:site_name\" content=\"Darts Matek\" \/>\n<meta property=\"article:modified_time\" content=\"2025-09-24T16:43:20+00:00\" \/>\n<meta name=\"twitter:card\" content=\"summary_large_image\" \/>\n<meta name=\"twitter:label1\" content=\"Est. reading time\" \/>\n\t<meta name=\"twitter:data1\" content=\"3 minutes\" \/>\n<script type=\"application\/ld+json\" class=\"yoast-schema-graph\">{\"@context\":\"https:\/\/schema.org\",\"@graph\":[{\"@type\":\"WebPage\",\"@id\":\"https:\/\/dartsmatek.hu\/en\/privacy-policy-app\/\",\"url\":\"https:\/\/dartsmatek.hu\/en\/privacy-policy-app\/\",\"name\":\"Privacy Policy for Darts Maths Applications - Darts Matek\",\"isPartOf\":{\"@id\":\"https:\/\/dartsmatek.hu\/en\/#website\"},\"datePublished\":\"2025-01-27T17:13:53+00:00\",\"dateModified\":\"2025-09-24T16:43:20+00:00\",\"breadcrumb\":{\"@id\":\"https:\/\/dartsmatek.hu\/en\/privacy-policy-app\/#breadcrumb\"},\"inLanguage\":\"en-US\",\"potentialAction\":[{\"@type\":\"ReadAction\",\"target\":[\"https:\/\/dartsmatek.hu\/en\/privacy-policy-app\/\"]}]},{\"@type\":\"BreadcrumbList\",\"@id\":\"https:\/\/dartsmatek.hu\/en\/privacy-policy-app\/#breadcrumb\",\"itemListElement\":[{\"@type\":\"ListItem\",\"position\":1,\"name\":\"Kezd\u0151lap\",\"item\":\"https:\/\/dartsmatek.hu\/en\/\"},{\"@type\":\"ListItem\",\"position\":2,\"name\":\"Privacy Policy for Darts Maths Applications\"}]},{\"@type\":\"WebSite\",\"@id\":\"https:\/\/dartsmatek.hu\/en\/#website\",\"url\":\"https:\/\/dartsmatek.hu\/en\/\",\"name\":\"Darts Matek\",\"description\":\"\",\"potentialAction\":[{\"@type\":\"SearchAction\",\"target\":{\"@type\":\"EntryPoint\",\"urlTemplate\":\"https:\/\/dartsmatek.hu\/en\/?s={search_term_string}\"},\"query-input\":{\"@type\":\"PropertyValueSpecification\",\"valueRequired\":true,\"valueName\":\"search_term_string\"}}],\"inLanguage\":\"en-US\"}]}<\/script>","yoast_head_json":{"title":"Privacy Policy for Darts Maths Applications - Darts Matek","robots":{"index":"index","follow":"follow","max-snippet":"max-snippet:-1","max-image-preview":"max-image-preview:large","max-video-preview":"max-video-preview:-1"},"canonical":"https:\/\/dartsmatek.hu\/en\/privacy-policy-app\/","og_locale":"en_US","og_type":"article","og_title":"Privacy Policy for Darts Maths Applications - Darts Matek","og_description":"Privacy Policy for the mobile games: The Darts Maths mobile game applications, accessible from the Google Play Store and Apple\u2019s App Store, running on Android and iOS platforms, do not [&hellip;]","og_url":"https:\/\/dartsmatek.hu\/en\/privacy-policy-app\/","og_site_name":"Darts Matek","article_modified_time":"2025-09-24T16:43:20+00:00","twitter_card":"summary_large_image","twitter_misc":{"Est. reading time":"3 minutes"},"schema":{"@context":"https:\/\/schema.org","@graph":[{"@type":"WebPage","@id":"https:\/\/dartsmatek.hu\/en\/privacy-policy-app\/","url":"https:\/\/dartsmatek.hu\/en\/privacy-policy-app\/","name":"Privacy Policy for Darts Maths Applications - Darts Matek","isPartOf":{"@id":"https:\/\/dartsmatek.hu\/en\/#website"},"datePublished":"2025-01-27T17:13:53+00:00","dateModified":"2025-09-24T16:43:20+00:00","breadcrumb":{"@id":"https:\/\/dartsmatek.hu\/en\/privacy-policy-app\/#breadcrumb"},"inLanguage":"en-US","potentialAction":[{"@type":"ReadAction","target":["https:\/\/dartsmatek.hu\/en\/privacy-policy-app\/"]}]},{"@type":"BreadcrumbList","@id":"https:\/\/dartsmatek.hu\/en\/privacy-policy-app\/#breadcrumb","itemListElement":[{"@type":"ListItem","position":1,"name":"Kezd\u0151lap","item":"https:\/\/dartsmatek.hu\/en\/"},{"@type":"ListItem","position":2,"name":"Privacy Policy for Darts Maths Applications"}]},{"@type":"WebSite","@id":"https:\/\/dartsmatek.hu\/en\/#website","url":"https:\/\/dartsmatek.hu\/en\/","name":"Darts Matek","description":"","potentialAction":[{"@type":"SearchAction","target":{"@type":"EntryPoint","urlTemplate":"https:\/\/dartsmatek.hu\/en\/?s={search_term_string}"},"query-input":{"@type":"PropertyValueSpecification","valueRequired":true,"valueName":"search_term_string"}}],"inLanguage":"en-US"}]}},"_links":{"self":[{"href":"https:\/\/dartsmatek.hu\/en\/wp-json\/wp\/v2\/pages\/511","targetHints":{"allow":["GET"]}}],"collection":[{"href":"https:\/\/dartsmatek.hu\/en\/wp-json\/wp\/v2\/pages"}],"about":[{"href":"https:\/\/dartsmatek.hu\/en\/wp-json\/wp\/v2\/types\/page"}],"author":[{"embeddable":true,"href":"https:\/\/dartsmatek.hu\/en\/wp-json\/wp\/v2\/users\/1"}],"replies":[{"embeddable":true,"href":"https:\/\/dartsmatek.hu\/en\/wp-json\/wp\/v2\/comments?post=511"}],"version-history":[{"count":6,"href":"https:\/\/dartsmatek.hu\/en\/wp-json\/wp\/v2\/pages\/511\/revisions"}],"predecessor-version":[{"id":1505,"href":"https:\/\/dartsmatek.hu\/en\/wp-json\/wp\/v2\/pages\/511\/revisions\/1505"}],"wp:attachment":[{"href":"https:\/\/dartsmatek.hu\/en\/wp-json\/wp\/v2\/media?parent=511"}],"curies":[{"name":"wp","href":"https:\/\/api.w.org\/{rel}","templated":true}]}}