{"id":496,"date":"2025-01-28T19:40:22","date_gmt":"2025-01-28T18:40:22","guid":{"rendered":"http:\/\/dartsmatek.devground.me\/koszonjuk\/"},"modified":"2025-01-28T19:40:22","modified_gmt":"2025-01-28T18:40:22","slug":"koszonjuk","status":"publish","type":"page","link":"https:\/\/dartsmatek.hu\/en\/kapcsolat\/koszonjuk\/","title":{"rendered":"K\u00f6sz\u00f6nj\u00fck aj\u00e1nlatk\u00e9r\u00e9s\u00e9t!"},"content":{"rendered":"<p>\u00dczenet\u00e9t sikeresen tov\u00e1bb\u00edtottuk! Koll\u00e9g\u00e1ink hamarosan feldolgozz\u00e1k a level\u00e9t \u00e9s felveszik \u00d6nnel a kapcsolatot a megadott el\u00e9rhet\u0151s\u00e9gei egyik\u00e9n.<\/p>\n","protected":false},"excerpt":{"rendered":"<p>\u00dczenet\u00e9t sikeresen tov\u00e1bb\u00edtottuk! Koll\u00e9g\u00e1ink hamarosan feldolgozz\u00e1k a level\u00e9t \u00e9s felveszik \u00d6nnel a kapcsolatot a megadott el\u00e9rhet\u0151s\u00e9gei egyik\u00e9n.<\/p>\n","protected":false},"author":1,"featured_media":0,"parent":503,"menu_order":0,"comment_status":"closed","ping_status":"closed","template":"page-koszonjuk.php","meta":{"_acf_changed":false,"footnotes":""},"class_list":["post-496","page","type-page","status-publish","hentry"],"acf":[],"yoast_head":"<title>K\u00f6sz\u00f6nj\u00fck aj\u00e1nlatk\u00e9r\u00e9s\u00e9t! - Darts Matek<\/title>\n<meta name=\"robots\" content=\"index, follow, max-snippet:-1, max-image-preview:large, max-video-preview:-1\" \/>\n<link rel=\"canonical\" href=\"https:\/\/dartsmatek.hu\/en\/kapcsolat\/koszonjuk\/\" \/>\n<meta property=\"og:locale\" content=\"en_US\" \/>\n<meta property=\"og:type\" content=\"article\" \/>\n<meta property=\"og:title\" content=\"K\u00f6sz\u00f6nj\u00fck aj\u00e1nlatk\u00e9r\u00e9s\u00e9t! - Darts Matek\" \/>\n<meta property=\"og:description\" content=\"\u00dczenet\u00e9t sikeresen tov\u00e1bb\u00edtottuk! Koll\u00e9g\u00e1ink hamarosan feldolgozz\u00e1k a level\u00e9t \u00e9s felveszik \u00d6nnel a kapcsolatot a megadott el\u00e9rhet\u0151s\u00e9gei egyik\u00e9n.\" \/>\n<meta property=\"og:url\" content=\"https:\/\/dartsmatek.hu\/en\/kapcsolat\/koszonjuk\/\" \/>\n<meta property=\"og:site_name\" content=\"Darts Matek\" \/>\n<meta name=\"twitter:card\" content=\"summary_large_image\" \/>\n<script type=\"application\/ld+json\" class=\"yoast-schema-graph\">{\"@context\":\"https:\/\/schema.org\",\"@graph\":[{\"@type\":\"WebPage\",\"@id\":\"https:\/\/dartsmatek.hu\/en\/kapcsolat\/koszonjuk\/\",\"url\":\"https:\/\/dartsmatek.hu\/en\/kapcsolat\/koszonjuk\/\",\"name\":\"K\u00f6sz\u00f6nj\u00fck aj\u00e1nlatk\u00e9r\u00e9s\u00e9t! - Darts Matek\",\"isPartOf\":{\"@id\":\"https:\/\/dartsmatek.hu\/en\/#website\"},\"datePublished\":\"2025-01-28T18:40:22+00:00\",\"breadcrumb\":{\"@id\":\"https:\/\/dartsmatek.hu\/en\/kapcsolat\/koszonjuk\/#breadcrumb\"},\"inLanguage\":\"en-US\",\"potentialAction\":[{\"@type\":\"ReadAction\",\"target\":[\"https:\/\/dartsmatek.hu\/en\/kapcsolat\/koszonjuk\/\"]}]},{\"@type\":\"BreadcrumbList\",\"@id\":\"https:\/\/dartsmatek.hu\/en\/kapcsolat\/koszonjuk\/#breadcrumb\",\"itemListElement\":[{\"@type\":\"ListItem\",\"position\":1,\"name\":\"Kezd\u0151lap\",\"item\":\"https:\/\/dartsmatek.hu\/en\/\"},{\"@type\":\"ListItem\",\"position\":2,\"name\":\"K\u00f6sz\u00f6nj\u00fck aj\u00e1nlatk\u00e9r\u00e9s\u00e9t!\"}]},{\"@type\":\"WebSite\",\"@id\":\"https:\/\/dartsmatek.hu\/en\/#website\",\"url\":\"https:\/\/dartsmatek.hu\/en\/\",\"name\":\"Darts Matek\",\"description\":\"\",\"potentialAction\":[{\"@type\":\"SearchAction\",\"target\":{\"@type\":\"EntryPoint\",\"urlTemplate\":\"https:\/\/dartsmatek.hu\/en\/?s={search_term_string}\"},\"query-input\":{\"@type\":\"PropertyValueSpecification\",\"valueRequired\":true,\"valueName\":\"search_term_string\"}}],\"inLanguage\":\"en-US\"}]}<\/script>","yoast_head_json":{"title":"K\u00f6sz\u00f6nj\u00fck aj\u00e1nlatk\u00e9r\u00e9s\u00e9t! - Darts Matek","robots":{"index":"index","follow":"follow","max-snippet":"max-snippet:-1","max-image-preview":"max-image-preview:large","max-video-preview":"max-video-preview:-1"},"canonical":"https:\/\/dartsmatek.hu\/en\/kapcsolat\/koszonjuk\/","og_locale":"en_US","og_type":"article","og_title":"K\u00f6sz\u00f6nj\u00fck aj\u00e1nlatk\u00e9r\u00e9s\u00e9t! - Darts Matek","og_description":"\u00dczenet\u00e9t sikeresen tov\u00e1bb\u00edtottuk! Koll\u00e9g\u00e1ink hamarosan feldolgozz\u00e1k a level\u00e9t \u00e9s felveszik \u00d6nnel a kapcsolatot a megadott el\u00e9rhet\u0151s\u00e9gei egyik\u00e9n.","og_url":"https:\/\/dartsmatek.hu\/en\/kapcsolat\/koszonjuk\/","og_site_name":"Darts Matek","twitter_card":"summary_large_image","schema":{"@context":"https:\/\/schema.org","@graph":[{"@type":"WebPage","@id":"https:\/\/dartsmatek.hu\/en\/kapcsolat\/koszonjuk\/","url":"https:\/\/dartsmatek.hu\/en\/kapcsolat\/koszonjuk\/","name":"K\u00f6sz\u00f6nj\u00fck aj\u00e1nlatk\u00e9r\u00e9s\u00e9t! - Darts Matek","isPartOf":{"@id":"https:\/\/dartsmatek.hu\/en\/#website"},"datePublished":"2025-01-28T18:40:22+00:00","breadcrumb":{"@id":"https:\/\/dartsmatek.hu\/en\/kapcsolat\/koszonjuk\/#breadcrumb"},"inLanguage":"en-US","potentialAction":[{"@type":"ReadAction","target":["https:\/\/dartsmatek.hu\/en\/kapcsolat\/koszonjuk\/"]}]},{"@type":"BreadcrumbList","@id":"https:\/\/dartsmatek.hu\/en\/kapcsolat\/koszonjuk\/#breadcrumb","itemListElement":[{"@type":"ListItem","position":1,"name":"Kezd\u0151lap","item":"https:\/\/dartsmatek.hu\/en\/"},{"@type":"ListItem","position":2,"name":"K\u00f6sz\u00f6nj\u00fck aj\u00e1nlatk\u00e9r\u00e9s\u00e9t!"}]},{"@type":"WebSite","@id":"https:\/\/dartsmatek.hu\/en\/#website","url":"https:\/\/dartsmatek.hu\/en\/","name":"Darts Matek","description":"","potentialAction":[{"@type":"SearchAction","target":{"@type":"EntryPoint","urlTemplate":"https:\/\/dartsmatek.hu\/en\/?s={search_term_string}"},"query-input":{"@type":"PropertyValueSpecification","valueRequired":true,"valueName":"search_term_string"}}],"inLanguage":"en-US"}]}},"_links":{"self":[{"href":"https:\/\/dartsmatek.hu\/en\/wp-json\/wp\/v2\/pages\/496","targetHints":{"allow":["GET"]}}],"collection":[{"href":"https:\/\/dartsmatek.hu\/en\/wp-json\/wp\/v2\/pages"}],"about":[{"href":"https:\/\/dartsmatek.hu\/en\/wp-json\/wp\/v2\/types\/page"}],"author":[{"embeddable":true,"href":"https:\/\/dartsmatek.hu\/en\/wp-json\/wp\/v2\/users\/1"}],"replies":[{"embeddable":true,"href":"https:\/\/dartsmatek.hu\/en\/wp-json\/wp\/v2\/comments?post=496"}],"version-history":[{"count":0,"href":"https:\/\/dartsmatek.hu\/en\/wp-json\/wp\/v2\/pages\/496\/revisions"}],"up":[{"embeddable":true,"href":"https:\/\/dartsmatek.hu\/en\/wp-json\/wp\/v2\/pages\/503"}],"wp:attachment":[{"href":"https:\/\/dartsmatek.hu\/en\/wp-json\/wp\/v2\/media?parent=496"}],"curies":[{"name":"wp","href":"https:\/\/api.w.org\/{rel}","templated":true}]}}